{"id":323,"date":"2009-09-03T00:12:05","date_gmt":"2009-09-02T22:12:05","guid":{"rendered":"https:\/\/weblog.bergersen.net\/jarle2\/?page_id=323"},"modified":"2014-04-02T16:21:15","modified_gmt":"2014-04-02T14:21:15","slug":"cv","status":"publish","type":"page","link":"https:\/\/weblog.bergersen.net\/jarle\/cv\/","title":{"rendered":"CV for Jarle Dahl Bergersen"},"content":{"rendered":"<p><strong>Utdannelse<\/strong><br \/>\n1985 &#8211; 1986: Handel og Kontor &#8211; Bjertnes Videreg\u00e5ende Skole.<br \/>\n1989 &#8211; 1991: Norsk Lydskole &#8211; Lydteknikerutdannelse, radiolinjen.<\/p>\n<p><strong>Arbeid<\/strong><br \/>\n1987 &#8211; 1991: Freelance arbeide for Radio City\/Radio Oslo<br \/>\n1988 &#8211; 1990: 7-Eleven<br \/>\n1991 &#8211; 1992: Radio Extra, Nittedal &#8211; Eier \/ Ansvarlig redakt\u00f8r<br \/>\n1993 &#8211; 1996: Radio NERO, Nedre Romerike &#8211; Teknisk sjef \/ CTO<br \/>\n1996 &#8211; 1997: Webmaster AS &#8211; Eier \/ Styremedlem \/ webdesigner<br \/>\n1997 &#8211; 1998: EuroCall Norge AS &#8211; Webutvikler<br \/>\n1998 &#8211; 2000: ICL Norge &#8211; Konsulent<br \/>\n2000 &#8211; 2001: Netron AS &#8211; Teknisk sjef \/ CTO<br \/>\n2001 &#8211; 2013: Bergersen.net &#8211; Eier \/ Freelance arbeide<br \/>\n2002 &#8211; 2013: Trygg og Sikker AS &#8211; Eier \/ Styremedlem\/ Ansvarlg for IT \/ Markedsf\u00f8ring<br \/>\n2006 &#8211; n\u00e5: BSP AS &#8211; Eier \/ Styremedlem<br \/>\n2011 &#8211; n\u00e5: Senson AS  &#8211; Eier \/ Daglig leder \/ Konsulent<\/p>\n<p><strong>Prosjekter<\/strong><\/p>\n<p><strong>Radio NERO<\/strong><br \/>\n&#8211; Innf\u00f8ring av dataaviklingssystem med <a href=\"http:\/\/www.dalet.com\/\">DALET<\/a> radio automation system.<br \/>\n&#8211; Ansvarlig for nettsider for Radio NERO, s\u00f8rget for at Radio NERO var en av de f\u00f8rste norske radiostasjonene med nettsider.<br \/>\n&#8211; Prosjektstyring og implementering av nytt studiokompleks, prosjektkostnad: 1 million NOK.<\/p>\n<p><strong>Webmaster<\/strong><br \/>\n&#8211; Ansvarlig for prosjektstyring for en av de f\u00f8rste nettbutikkene i Norge &#8211; <a href=\"http:\/\/www.ellos.no\/\">Ellos.no<\/a>. Webmaster leverte design og GUI implementering for prosjektet.<\/p>\n<p><strong>EuroCall Norge<\/strong><br \/>\n&#8211; Webmaster og ansvarlig for utvikling av Eurocall sine Gule sider.<\/p>\n<p><strong>ICL Norge<\/strong><br \/>\n&#8211; <strong>NSB Gods<\/strong>. NSBs fraktdivisjon. Ansvarlig for design \/ GUI for deres frakt tracking system.<br \/>\n&#8211; <strong>UD<\/strong>. Utenriksdepartementet, ansvarlig for utvikling og design av UDs intranettl\u00f8sning, samt design og utvikling av nettsider for statsbes\u00f8ket (Clinton) og Rabin m\u00f8tet.<br \/>\n&#8211; <strong>Nordiske ambassader i Berlin<\/strong>: Design og implementering av en infokiosk l\u00f8sning for de nordiske ambassader.<br \/>\n&#8211; <strong>Folkehelseinstituttet<\/strong>: Ansvarlig for utvikling og implementasjon av instituttets nettsted ved hjelp av Transit web-publishing\/convertion system, samt teknisk konsulent for integrasjon av interne systemer med arbeidsflyten p\u00e5 instituttet.<br \/>\n&#8211; <strong>DNB:<\/strong> Intranett prosjekt. Implementering av <a href=\"http:\/\/www.intranetsolutions.com\/intradoc-cgi\/nph-idc_cgi.exe?IdcService=GET_DYNAMIC_CONVERSION&amp;RevisionSelectionMethod=LatestReleased&amp;Redirected=true&amp;dDocName=p2000419\">Transit<\/a> inn i DNBs intranettsystem. Deltok ogs\u00e5 som teknisk konsulent for DNBs offentlige nettsted.<\/p>\n<p><strong>Netron AS<\/strong><br \/>\nJobbet med kunder som:<br \/>\n&#8211; P4<br \/>\n&#8211; Telenor Nordicom<br \/>\n&#8211; Tansa Systems<br \/>\n&#8211; Eurosko \/ DNA<br \/>\n&#8211; Flashmagazine<br \/>\n&#8211; DNB<\/p>\n<p><strong>Bergersen.net &#8211; konsulentarbeide<\/strong><br \/>\n&#8211; <strong>Folkehelseinsituttet: <\/strong>Implementering av eZ Publish CMS p\u00e5 Linux for instituttets intranett. Implementering av et kalendersystem for m\u00f8teromsbooking, samt utvikling og implementering av en human-resource database.<\/p>\n<p><strong>&#8211; Trygg og Sikker AS<\/strong><br \/>\nGr\u00fcnder og medeier. Jobber med Trygg og Sikker sine nettsteder med publiseringsl\u00f8sninger, nettbutikker. Er ogs\u00e5 ansvarlig for markedsf\u00f8ring b\u00e5de p\u00e5 nett og p\u00e5 trykk.<\/p>\n","protected":false},"excerpt":{"rendered":"<p>Utdannelse 1985 &#8211; 1986: Handel og Kontor &#8211; Bjertnes Videreg\u00e5ende Skole. 1989 &#8211; 1991: Norsk Lydskole &#8211; Lydteknikerutdannelse, radiolinjen. Arbeid 1987 &#8211; 1991: Freelance arbeide for Radio City\/Radio Oslo 1988 &#8211; 1990: 7-Eleven 1991 &#8211; 1992: Radio Extra, Nittedal &#8211; Eier \/ Ansvarlig redakt\u00f8r 1993 &#8211; 1996: Radio NERO, Nedre Romerike &#8211; Teknisk sjef \/ [&hellip;]<\/p>\n","protected":false},"author":3,"featured_media":0,"parent":0,"menu_order":10,"comment_status":"closed","ping_status":"closed","template":"","meta":{"_monsterinsights_skip_tracking":false,"_monsterinsights_sitenote_active":false,"_monsterinsights_sitenote_note":"","_monsterinsights_sitenote_category":0,"site-sidebar-layout":"default","site-content-layout":"","ast-site-content-layout":"default","site-content-style":"default","site-sidebar-style":"default","ast-global-header-display":"","ast-banner-title-visibility":"","ast-main-header-display":"","ast-hfb-above-header-display":"","ast-hfb-below-header-display":"","ast-hfb-mobile-header-display":"","site-post-title":"","ast-breadcrumbs-content":"","ast-featured-img":"","footer-sml-layout":"","ast-disable-related-posts":"","theme-transparent-header-meta":"","adv-header-id-meta":"","stick-header-meta":"","header-above-stick-meta":"","header-main-stick-meta":"","header-below-stick-meta":"","astra-migrate-meta-layouts":"default","ast-page-background-enabled":"default","ast-page-background-meta":{"desktop":{"background-color":"","background-image":"","background-repeat":"repeat","background-position":"center center","background-size":"auto","background-attachment":"scroll","background-type":"","background-media":"","overlay-type":"","overlay-color":"","overlay-opacity":"","overlay-gradient":""},"tablet":{"background-color":"","background-image":"","background-repeat":"repeat","background-position":"center center","background-size":"auto","background-attachment":"scroll","background-type":"","background-media":"","overlay-type":"","overlay-color":"","overlay-opacity":"","overlay-gradient":""},"mobile":{"background-color":"","background-image":"","background-repeat":"repeat","background-position":"center center","background-size":"auto","background-attachment":"scroll","background-type":"","background-media":"","overlay-type":"","overlay-color":"","overlay-opacity":"","overlay-gradient":""}},"ast-content-background-meta":{"desktop":{"background-color":"var(--ast-global-color-5)","background-image":"","background-repeat":"repeat","background-position":"center center","background-size":"auto","background-attachment":"scroll","background-type":"","background-media":"","overlay-type":"","overlay-color":"","overlay-opacity":"","overlay-gradient":""},"tablet":{"background-color":"var(--ast-global-color-5)","background-image":"","background-repeat":"repeat","background-position":"center center","background-size":"auto","background-attachment":"scroll","background-type":"","background-media":"","overlay-type":"","overlay-color":"","overlay-opacity":"","overlay-gradient":""},"mobile":{"background-color":"var(--ast-global-color-5)","background-image":"","background-repeat":"repeat","background-position":"center center","background-size":"auto","background-attachment":"scroll","background-type":"","background-media":"","overlay-type":"","overlay-color":"","overlay-opacity":"","overlay-gradient":""}},"footnotes":""},"class_list":["post-323","page","type-page","status-publish","hentry"],"yoast_head":"<!-- This site is optimized with the Yoast SEO plugin v27.4 - https:\/\/yoast.com\/product\/yoast-seo-wordpress\/ -->\n<title>CV for Jarle Dahl Bergersen - Jarle p\u00e5 norsk<\/title>\n<meta name=\"robots\" content=\"index, follow, max-snippet:-1, max-image-preview:large, max-video-preview:-1\" \/>\n<link rel=\"canonical\" href=\"https:\/\/weblog.bergersen.net\/jarle\/cv\/\" \/>\n<meta name=\"twitter:label1\" content=\"Ansl. lesetid\" \/>\n\t<meta name=\"twitter:data1\" content=\"2 minutter\" \/>\n<script type=\"application\/ld+json\" class=\"yoast-schema-graph\">{\"@context\":\"https:\\\/\\\/schema.org\",\"@graph\":[{\"@type\":\"WebPage\",\"@id\":\"https:\\\/\\\/weblog.bergersen.net\\\/jarle\\\/cv\\\/\",\"url\":\"https:\\\/\\\/weblog.bergersen.net\\\/jarle\\\/cv\\\/\",\"name\":\"CV for Jarle Dahl Bergersen - Jarle p\u00e5 norsk\",\"isPartOf\":{\"@id\":\"https:\\\/\\\/weblog.bergersen.net\\\/jarle\\\/#website\"},\"datePublished\":\"2009-09-02T22:12:05+00:00\",\"dateModified\":\"2014-04-02T14:21:15+00:00\",\"breadcrumb\":{\"@id\":\"https:\\\/\\\/weblog.bergersen.net\\\/jarle\\\/cv\\\/#breadcrumb\"},\"inLanguage\":\"nb-NO\",\"potentialAction\":[{\"@type\":\"ReadAction\",\"target\":[\"https:\\\/\\\/weblog.bergersen.net\\\/jarle\\\/cv\\\/\"]}]},{\"@type\":\"BreadcrumbList\",\"@id\":\"https:\\\/\\\/weblog.bergersen.net\\\/jarle\\\/cv\\\/#breadcrumb\",\"itemListElement\":[{\"@type\":\"ListItem\",\"position\":1,\"name\":\"Hjem\",\"item\":\"https:\\\/\\\/weblog.bergersen.net\\\/jarle\\\/\"},{\"@type\":\"ListItem\",\"position\":2,\"name\":\"CV for Jarle Dahl Bergersen\"}]},{\"@type\":\"WebSite\",\"@id\":\"https:\\\/\\\/weblog.bergersen.net\\\/jarle\\\/#website\",\"url\":\"https:\\\/\\\/weblog.bergersen.net\\\/jarle\\\/\",\"name\":\"Jarle p\u00e5 norsk\",\"description\":\"fordi jeg ikke kan holde kjeft\",\"publisher\":{\"@id\":\"https:\\\/\\\/weblog.bergersen.net\\\/jarle\\\/#organization\"},\"potentialAction\":[{\"@type\":\"SearchAction\",\"target\":{\"@type\":\"EntryPoint\",\"urlTemplate\":\"https:\\\/\\\/weblog.bergersen.net\\\/jarle\\\/?s={search_term_string}\"},\"query-input\":{\"@type\":\"PropertyValueSpecification\",\"valueRequired\":true,\"valueName\":\"search_term_string\"}}],\"inLanguage\":\"nb-NO\"},{\"@type\":\"Organization\",\"@id\":\"https:\\\/\\\/weblog.bergersen.net\\\/jarle\\\/#organization\",\"name\":\"Jarle p\u00e5 norsk\",\"url\":\"https:\\\/\\\/weblog.bergersen.net\\\/jarle\\\/\",\"logo\":{\"@type\":\"ImageObject\",\"inLanguage\":\"nb-NO\",\"@id\":\"https:\\\/\\\/weblog.bergersen.net\\\/jarle\\\/#\\\/schema\\\/logo\\\/image\\\/\",\"url\":\"https:\\\/\\\/weblog.bergersen.net\\\/jarle\\\/wp-content\\\/uploads\\\/2021\\\/04\\\/cropped-image.jpeg\",\"contentUrl\":\"https:\\\/\\\/weblog.bergersen.net\\\/jarle\\\/wp-content\\\/uploads\\\/2021\\\/04\\\/cropped-image.jpeg\",\"width\":542,\"height\":122,\"caption\":\"Jarle p\u00e5 norsk\"},\"image\":{\"@id\":\"https:\\\/\\\/weblog.bergersen.net\\\/jarle\\\/#\\\/schema\\\/logo\\\/image\\\/\"}}]}<\/script>\n<!-- \/ Yoast SEO plugin. -->","yoast_head_json":{"title":"CV for Jarle Dahl Bergersen - Jarle p\u00e5 norsk","robots":{"index":"index","follow":"follow","max-snippet":"max-snippet:-1","max-image-preview":"max-image-preview:large","max-video-preview":"max-video-preview:-1"},"canonical":"https:\/\/weblog.bergersen.net\/jarle\/cv\/","twitter_misc":{"Ansl. lesetid":"2 minutter"},"schema":{"@context":"https:\/\/schema.org","@graph":[{"@type":"WebPage","@id":"https:\/\/weblog.bergersen.net\/jarle\/cv\/","url":"https:\/\/weblog.bergersen.net\/jarle\/cv\/","name":"CV for Jarle Dahl Bergersen - Jarle p\u00e5 norsk","isPartOf":{"@id":"https:\/\/weblog.bergersen.net\/jarle\/#website"},"datePublished":"2009-09-02T22:12:05+00:00","dateModified":"2014-04-02T14:21:15+00:00","breadcrumb":{"@id":"https:\/\/weblog.bergersen.net\/jarle\/cv\/#breadcrumb"},"inLanguage":"nb-NO","potentialAction":[{"@type":"ReadAction","target":["https:\/\/weblog.bergersen.net\/jarle\/cv\/"]}]},{"@type":"BreadcrumbList","@id":"https:\/\/weblog.bergersen.net\/jarle\/cv\/#breadcrumb","itemListElement":[{"@type":"ListItem","position":1,"name":"Hjem","item":"https:\/\/weblog.bergersen.net\/jarle\/"},{"@type":"ListItem","position":2,"name":"CV for Jarle Dahl Bergersen"}]},{"@type":"WebSite","@id":"https:\/\/weblog.bergersen.net\/jarle\/#website","url":"https:\/\/weblog.bergersen.net\/jarle\/","name":"Jarle p\u00e5 norsk","description":"fordi jeg ikke kan holde kjeft","publisher":{"@id":"https:\/\/weblog.bergersen.net\/jarle\/#organization"},"potentialAction":[{"@type":"SearchAction","target":{"@type":"EntryPoint","urlTemplate":"https:\/\/weblog.bergersen.net\/jarle\/?s={search_term_string}"},"query-input":{"@type":"PropertyValueSpecification","valueRequired":true,"valueName":"search_term_string"}}],"inLanguage":"nb-NO"},{"@type":"Organization","@id":"https:\/\/weblog.bergersen.net\/jarle\/#organization","name":"Jarle p\u00e5 norsk","url":"https:\/\/weblog.bergersen.net\/jarle\/","logo":{"@type":"ImageObject","inLanguage":"nb-NO","@id":"https:\/\/weblog.bergersen.net\/jarle\/#\/schema\/logo\/image\/","url":"https:\/\/weblog.bergersen.net\/jarle\/wp-content\/uploads\/2021\/04\/cropped-image.jpeg","contentUrl":"https:\/\/weblog.bergersen.net\/jarle\/wp-content\/uploads\/2021\/04\/cropped-image.jpeg","width":542,"height":122,"caption":"Jarle p\u00e5 norsk"},"image":{"@id":"https:\/\/weblog.bergersen.net\/jarle\/#\/schema\/logo\/image\/"}}]}},"_links":{"self":[{"href":"https:\/\/weblog.bergersen.net\/jarle\/wp-json\/wp\/v2\/pages\/323","targetHints":{"allow":["GET"]}}],"collection":[{"href":"https:\/\/weblog.bergersen.net\/jarle\/wp-json\/wp\/v2\/pages"}],"about":[{"href":"https:\/\/weblog.bergersen.net\/jarle\/wp-json\/wp\/v2\/types\/page"}],"author":[{"embeddable":true,"href":"https:\/\/weblog.bergersen.net\/jarle\/wp-json\/wp\/v2\/users\/3"}],"replies":[{"embeddable":true,"href":"https:\/\/weblog.bergersen.net\/jarle\/wp-json\/wp\/v2\/comments?post=323"}],"version-history":[{"count":18,"href":"https:\/\/weblog.bergersen.net\/jarle\/wp-json\/wp\/v2\/pages\/323\/revisions"}],"predecessor-version":[{"id":939,"href":"https:\/\/weblog.bergersen.net\/jarle\/wp-json\/wp\/v2\/pages\/323\/revisions\/939"}],"wp:attachment":[{"href":"https:\/\/weblog.bergersen.net\/jarle\/wp-json\/wp\/v2\/media?parent=323"}],"curies":[{"name":"wp","href":"https:\/\/api.w.org\/{rel}","templated":true}]}}